{"id":21,"date":"2023-03-15T05:33:07","date_gmt":"2023-03-15T10:33:07","guid":{"rendered":"https:\/\/editoralatina.com\/home\/index.php\/contact-us\/"},"modified":"2024-07-09T18:55:26","modified_gmt":"2024-07-09T23:55:26","slug":"contacto","status":"publish","type":"page","link":"https:\/\/editoralatina.com\/home\/index.php\/contacto\/","title":{"rendered":"Contacto"},"content":{"rendered":"\t\t<div data-elementor-type=\"wp-page\" data-elementor-id=\"21\" class=\"elementor elementor-21\" data-elementor-post-type=\"page\">\n\t\t\t\t\t\t<section class=\"elementor-section elementor-top-section elementor-element elementor-element-0fc99df elementor-section-boxed elementor-section-height-default elementor-section-height-default\" data-id=\"0fc99df\" data-element_type=\"section\">\n\t\t\t\t\t\t<div class=\"elementor-container elementor-column-gap-default\">\n\t\t\t\t\t<div class=\"elementor-column elementor-col-50 elementor-top-column elementor-element elementor-element-e52e6b2\" data-id=\"e52e6b2\" data-element_type=\"column\" data-settings=\"{&quot;background_background&quot;:&quot;classic&quot;}\">\n\t\t\t<div class=\"elementor-widget-wrap elementor-element-populated\">\n\t\t\t\t\t<div class=\"elementor-background-overlay\"><\/div>\n\t\t\t\t\t\t<div class=\"elementor-element elementor-element-9a950d1 elementor-widget elementor-widget-image\" data-id=\"9a950d1\" data-element_type=\"widget\" data-widget_type=\"image.default\">\n\t\t\t\t<div class=\"elementor-widget-container\">\n\t\t\t\t\t\t\t\t\t\t\t\t\t\t\t\t<a href=\"https:\/\/editoralatina.com\/home\/\">\n\t\t\t\t\t\t\t<img decoding=\"async\" width=\"100\" height=\"100\" src=\"https:\/\/editoralatina.com\/home\/wp-content\/uploads\/2023\/05\/logosvg.svg\" class=\"attachment-thumbnail size-thumbnail wp-image-295\" alt=\"\" \/>\t\t\t\t\t\t\t\t<\/a>\n\t\t\t\t\t\t\t\t\t\t\t\t\t\t\t<\/div>\n\t\t\t\t<\/div>\n\t\t\t\t\t<\/div>\n\t\t<\/div>\n\t\t\t\t<div class=\"elementor-column elementor-col-50 elementor-top-column elementor-element elementor-element-27aa03f\" data-id=\"27aa03f\" data-element_type=\"column\" data-settings=\"{&quot;background_background&quot;:&quot;classic&quot;}\">\n\t\t\t<div class=\"elementor-widget-wrap elementor-element-populated\">\n\t\t\t\t\t<div class=\"elementor-background-overlay\"><\/div>\n\t\t\t\t\t\t<div class=\"elementor-element elementor-element-54a8ab5 eael-simple-menu-hamburger-align-right eael-hamburger--tablet elementor-widget elementor-widget-eael-simple-menu\" data-id=\"54a8ab5\" data-element_type=\"widget\" data-widget_type=\"eael-simple-menu.default\">\n\t\t\t\t<div class=\"elementor-widget-container\">\n\t\t\t\t\t<style>\n                        @media screen and (max-width: 1024px) {\n                            .eael-hamburger--tablet {\n                                .eael-simple-menu-horizontal,\n                                .eael-simple-menu-vertical {\n                                    display: none;\n                                }\n                            }\n                            .eael-hamburger--tablet {\n                                .eael-simple-menu-container .eael-simple-menu-toggle {\n                                    display: block;\n                                }\n                            }\n                        }\n                    <\/style>            <div data-hamburger-icon=\"&lt;i aria-hidden=&quot;true&quot; class=&quot;fas fa-bars&quot;&gt;&lt;\/i&gt;\" data-indicator-icon=\"&lt;i aria-hidden=&quot;true&quot; class=&quot;fas fa-angle-down&quot;&gt;&lt;\/i&gt;\" data-dropdown-indicator-icon=\"&lt;i class=&quot;fas fa-angle-down&quot;&gt;&lt;\/i&gt;\" class=\"eael-simple-menu-container eael-simple-menu-align-right eael-simple-menu-dropdown-align-left preset-2\" data-hamburger-breakpoints=\"{&quot;mobile&quot;:&quot;M\\u00f3vil vertical (&gt; 767px)&quot;,&quot;tablet&quot;:&quot;Tableta vertical (&gt; 1024px)&quot;,&quot;desktop&quot;:&quot;Escritorio (&gt; 2400px)&quot;,&quot;none&quot;:&quot;Ninguno&quot;}\" data-hamburger-device=\"tablet\">\n                <ul id=\"menu-home\" class=\"eael-simple-menu eael-simple-menu-dropdown-animate-to-top eael-simple-menu-indicator eael-simple-menu-horizontal\"><li id=\"menu-item-84\" class=\"menu-item menu-item-type-post_type menu-item-object-page menu-item-home menu-item-84\"><a href=\"https:\/\/editoralatina.com\/home\/\">Home<\/a><\/li>\n<li id=\"menu-item-88\" class=\"menu-item menu-item-type-post_type menu-item-object-page menu-item-88\"><a href=\"https:\/\/editoralatina.com\/home\/index.php\/servicios\/\">Servicios<\/a><\/li>\n<li id=\"menu-item-85\" class=\"menu-item menu-item-type-post_type menu-item-object-page menu-item-85\"><a href=\"https:\/\/editoralatina.com\/home\/index.php\/sobre-nosotros\/\">Sobre Nosotros<\/a><\/li>\n<li id=\"menu-item-86\" class=\"menu-item menu-item-type-post_type menu-item-object-page menu-item-86\"><a href=\"https:\/\/editoralatina.com\/home\/index.php\/contacto\/\">Contacto<\/a><\/li>\n<\/ul>                <button class=\"eael-simple-menu-toggle\">\n                    <span class=\"sr-only \">Men\u00fa conmutador hamburguesa<\/span>\n                    <i aria-hidden=\"true\" class=\"fas fa-bars\"><\/i>                <\/button>\n            <\/div>\n            \t\t\t\t<\/div>\n\t\t\t\t<\/div>\n\t\t\t\t\t<\/div>\n\t\t<\/div>\n\t\t\t\t\t<\/div>\n\t\t<\/section>\n\t\t\t\t<section class=\"elementor-section elementor-top-section elementor-element elementor-element-313cf9cb elementor-section-full_width elementor-section-height-default elementor-section-height-default\" data-id=\"313cf9cb\" data-element_type=\"section\" id=\"top\">\n\t\t\t\t\t\t<div class=\"elementor-container elementor-column-gap-no\">\n\t\t\t\t\t<div class=\"elementor-column elementor-col-50 elementor-top-column elementor-element elementor-element-6000bb01\" data-id=\"6000bb01\" data-element_type=\"column\">\n\t\t\t<div class=\"elementor-widget-wrap elementor-element-populated\">\n\t\t\t\t\t\t<div class=\"elementor-element elementor-element-17a8e549 elementor-widget elementor-widget-heading\" data-id=\"17a8e549\" data-element_type=\"widget\" data-widget_type=\"heading.default\">\n\t\t\t\t<div class=\"elementor-widget-container\">\n\t\t\t\t\t<h1 class=\"elementor-heading-title elementor-size-default\">\u00bfHacemos equipo?<\/h1>\t\t\t\t<\/div>\n\t\t\t\t<\/div>\n\t\t\t\t<div class=\"elementor-element elementor-element-51110664 elementor-widget-divider--view-line elementor-widget elementor-widget-divider\" data-id=\"51110664\" data-element_type=\"widget\" data-widget_type=\"divider.default\">\n\t\t\t\t<div class=\"elementor-widget-container\">\n\t\t\t\t\t\t\t<div class=\"elementor-divider\">\n\t\t\t<span class=\"elementor-divider-separator\">\n\t\t\t\t\t\t<\/span>\n\t\t<\/div>\n\t\t\t\t\t\t<\/div>\n\t\t\t\t<\/div>\n\t\t\t\t<div class=\"elementor-element elementor-element-55777fdb elementor-widget elementor-widget-text-editor\" data-id=\"55777fdb\" data-element_type=\"widget\" data-widget_type=\"text-editor.default\">\n\t\t\t\t<div class=\"elementor-widget-container\">\n\t\t\t\t\t\t\t\t\t<p><b>Pregunta por nuestros diversos servicios para tu negocio en Per\u00fa.<\/b><\/p><p>Comun\u00edcate con nuestros expertos en soluciones o ideas gr\u00e1ficas para obtener una cotizaci\u00f3n<\/p>\t\t\t\t\t\t\t\t<\/div>\n\t\t\t\t<\/div>\n\t\t\t\t<div class=\"elementor-element elementor-element-4d1b43d eael-wpforms-labels-yes eael-wpforms-form-button-custom elementor-widget elementor-widget-eael-wpforms\" data-id=\"4d1b43d\" data-element_type=\"widget\" data-widget_type=\"eael-wpforms.default\">\n\t\t\t\t<div class=\"elementor-widget-container\">\n\t\t\t\t\t            <div class=\"eael-contact-form eael-wpforms eael-wpforms-align-default\">\n                                <div class=\"wpforms-container wpforms-container-full wpforms-render-modern\" id=\"wpforms-232\"><form id=\"wpforms-form-232\" class=\"wpforms-validate wpforms-form wpforms-ajax-form\" data-formid=\"232\" method=\"post\" enctype=\"multipart\/form-data\" action=\"\/home\/index.php\/wp-json\/wp\/v2\/pages\/21\" data-token=\"f12b0b6cb08bdb478ab605984c88113b\" data-token-time=\"1776945251\"><noscript class=\"wpforms-error-noscript\">Por favor, activa JavaScript en tu navegador para completar este formulario.<\/noscript><div class=\"wpforms-hidden\" id=\"wpforms-error-noscript\">Por favor, activa JavaScript en tu navegador para completar este formulario.<\/div><div class=\"wpforms-field-container\"><div id=\"wpforms-232-field_0-container\" class=\"wpforms-field wpforms-field-name\" data-field-id=\"0\"><label class=\"wpforms-field-label\" for=\"wpforms-232-field_0\">Nombre <span class=\"wpforms-required-label\" aria-hidden=\"true\">*<\/span><\/label><input type=\"text\" id=\"wpforms-232-field_0\" class=\"wpforms-field-medium wpforms-field-required\" name=\"wpforms[fields][0]\" aria-errormessage=\"wpforms-232-field_0-error\" required><\/div><div id=\"wpforms-232-field_1-container\" class=\"wpforms-field wpforms-field-email\" data-field-id=\"1\"><label class=\"wpforms-field-label\" for=\"wpforms-232-field_1\">Correo electr\u00f3nico <span class=\"wpforms-required-label\" aria-hidden=\"true\">*<\/span><\/label><input type=\"email\" id=\"wpforms-232-field_1\" class=\"wpforms-field-medium wpforms-field-required\" name=\"wpforms[fields][1]\" spellcheck=\"false\" aria-errormessage=\"wpforms-232-field_1-error\" required><\/div><div id=\"wpforms-232-field_2-container\" class=\"wpforms-field wpforms-field-textarea\" data-field-id=\"2\"><label class=\"wpforms-field-label\" for=\"wpforms-232-field_2\">Mensaje <span class=\"wpforms-required-label\" aria-hidden=\"true\">*<\/span><\/label><textarea id=\"wpforms-232-field_2\" class=\"wpforms-field-medium wpforms-field-required\" name=\"wpforms[fields][2]\" aria-errormessage=\"wpforms-232-field_2-error\" required><\/textarea><\/div><\/div><!-- .wpforms-field-container --><div class=\"wpforms-recaptcha-container wpforms-is-recaptcha wpforms-is-recaptcha-type-invisible\" ><div class=\"g-recaptcha\" data-sitekey=\"6LelJPklAAAAAH_7RrpQUJHQ3M9cKAKz9dPaX-aK\" data-size=\"invisible\"><\/div><\/div><div class=\"wpforms-submit-container\" ><input type=\"hidden\" name=\"wpforms[id]\" value=\"232\"><input type=\"hidden\" name=\"page_title\" value=\"\"><input type=\"hidden\" name=\"page_url\" value=\"https:\/\/editoralatina.com\/home\/index.php\/wp-json\/wp\/v2\/pages\/21\"><button type=\"submit\" name=\"wpforms[submit]\" id=\"wpforms-submit-232\" class=\"wpforms-submit\" data-alt-text=\"Enviando...\" data-submit-text=\"Enviar\" aria-live=\"assertive\" value=\"wpforms-submit\">Enviar<\/button><img decoding=\"async\" src=\"https:\/\/editoralatina.com\/home\/wp-content\/plugins\/wpforms-lite\/assets\/images\/submit-spin.svg\" class=\"wpforms-submit-spinner\" style=\"display: none;\" width=\"26\" height=\"26\" alt=\"Cargando\"><\/div><\/form><\/div>  <!-- .wpforms-container -->            <\/div>\n\t\t\t\t<\/div>\n\t\t\t\t<\/div>\n\t\t\t\t\t<\/div>\n\t\t<\/div>\n\t\t\t\t<div class=\"elementor-column elementor-col-50 elementor-top-column elementor-element elementor-element-d3ec9f9\" data-id=\"d3ec9f9\" data-element_type=\"column\">\n\t\t\t<div class=\"elementor-widget-wrap elementor-element-populated\">\n\t\t\t\t\t\t<div class=\"elementor-element elementor-element-9007eda elementor-widget elementor-widget-image\" data-id=\"9007eda\" data-element_type=\"widget\" data-widget_type=\"image.default\">\n\t\t\t\t<div class=\"elementor-widget-container\">\n\t\t\t\t\t\t\t\t\t\t\t\t\t\t\t<img fetchpriority=\"high\" decoding=\"async\" width=\"432\" height=\"754\" src=\"https:\/\/i0.wp.com\/editoralatina.com\/home\/wp-content\/uploads\/2023\/05\/Mockup-contactanos-e1683781282937.png?fit=432%2C754&amp;ssl=1\" class=\"attachment-full size-full wp-image-322\" alt=\"\" srcset=\"https:\/\/i0.wp.com\/editoralatina.com\/home\/wp-content\/uploads\/2023\/05\/Mockup-contactanos-e1683781282937.png?w=432&amp;ssl=1 432w, https:\/\/i0.wp.com\/editoralatina.com\/home\/wp-content\/uploads\/2023\/05\/Mockup-contactanos-e1683781282937.png?resize=172%2C300&amp;ssl=1 172w\" sizes=\"(max-width: 432px) 100vw, 432px\" \/>\t\t\t\t\t\t\t\t\t\t\t\t\t\t\t<\/div>\n\t\t\t\t<\/div>\n\t\t\t\t\t<\/div>\n\t\t<\/div>\n\t\t\t\t\t<\/div>\n\t\t<\/section>\n\t\t<div class=\"elementor-element elementor-element-ea8a4fe e-flex e-con-boxed e-con e-parent\" data-id=\"ea8a4fe\" data-element_type=\"container\" data-settings=\"{&quot;background_background&quot;:&quot;classic&quot;}\">\n\t\t\t\t\t<div class=\"e-con-inner\">\n\t\t<div class=\"elementor-element elementor-element-5836c21 e-con-full elementor-hidden-mobile e-flex e-con e-child\" data-id=\"5836c21\" data-element_type=\"container\">\n\t\t\t\t<div class=\"elementor-element elementor-element-66639f6 eael-simple-menu-hamburger-align-right eael-hamburger--tablet elementor-widget elementor-widget-eael-simple-menu\" data-id=\"66639f6\" data-element_type=\"widget\" data-widget_type=\"eael-simple-menu.default\">\n\t\t\t\t<div class=\"elementor-widget-container\">\n\t\t\t\t\t<style>\n                        @media screen and (max-width: 1024px) {\n                            .eael-hamburger--tablet {\n                                .eael-simple-menu-horizontal,\n                                .eael-simple-menu-vertical {\n                                    display: none;\n                                }\n                            }\n                            .eael-hamburger--tablet {\n                                .eael-simple-menu-container .eael-simple-menu-toggle {\n                                    display: block;\n                                }\n                            }\n                        }\n                    <\/style>            <div data-hamburger-icon=\"&lt;i aria-hidden=&quot;true&quot; class=&quot;fas fa-bars&quot;&gt;&lt;\/i&gt;\" data-indicator-icon=\"&lt;i aria-hidden=&quot;true&quot; class=&quot;fas fa-angle-down&quot;&gt;&lt;\/i&gt;\" data-dropdown-indicator-icon=\"&lt;i class=&quot;fas fa-angle-down&quot;&gt;&lt;\/i&gt;\" class=\"eael-simple-menu-container eael-simple-menu-align-left eael-simple-menu-dropdown-align-left preset-2\" data-hamburger-breakpoints=\"{&quot;mobile&quot;:&quot;M\\u00f3vil vertical (&gt; 767px)&quot;,&quot;tablet&quot;:&quot;Tableta vertical (&gt; 1024px)&quot;,&quot;desktop&quot;:&quot;Escritorio (&gt; 2400px)&quot;,&quot;none&quot;:&quot;Ninguno&quot;}\" data-hamburger-device=\"tablet\">\n                <ul id=\"menu-home-1\" class=\"eael-simple-menu eael-simple-menu-dropdown-animate-to-top eael-simple-menu-indicator eael-simple-menu-vertical\"><li class=\"menu-item menu-item-type-post_type menu-item-object-page menu-item-home menu-item-84\"><a href=\"https:\/\/editoralatina.com\/home\/\">Home<\/a><\/li>\n<li class=\"menu-item menu-item-type-post_type menu-item-object-page menu-item-88\"><a href=\"https:\/\/editoralatina.com\/home\/index.php\/servicios\/\">Servicios<\/a><\/li>\n<li class=\"menu-item menu-item-type-post_type menu-item-object-page menu-item-85\"><a href=\"https:\/\/editoralatina.com\/home\/index.php\/sobre-nosotros\/\">Sobre Nosotros<\/a><\/li>\n<li class=\"menu-item menu-item-type-post_type menu-item-object-page menu-item-86\"><a href=\"https:\/\/editoralatina.com\/home\/index.php\/contacto\/\">Contacto<\/a><\/li>\n<\/ul>                <button class=\"eael-simple-menu-toggle\">\n                    <span class=\"sr-only \">Men\u00fa conmutador hamburguesa<\/span>\n                    <i aria-hidden=\"true\" class=\"fas fa-bars\"><\/i>                <\/button>\n            <\/div>\n            \t\t\t\t<\/div>\n\t\t\t\t<\/div>\n\t\t\t\t<\/div>\n\t\t<div class=\"elementor-element elementor-element-1c36f1f e-con-full e-flex e-con e-child\" data-id=\"1c36f1f\" data-element_type=\"container\">\n\t\t<div class=\"elementor-element elementor-element-3d6f170 e-con-full e-flex e-con e-child\" data-id=\"3d6f170\" data-element_type=\"container\">\n\t\t\t\t<div class=\"elementor-element elementor-element-1f707bc elementor-view-default elementor-widget elementor-widget-icon\" data-id=\"1f707bc\" data-element_type=\"widget\" data-widget_type=\"icon.default\">\n\t\t\t\t<div class=\"elementor-widget-container\">\n\t\t\t\t\t\t\t<div class=\"elementor-icon-wrapper\">\n\t\t\t<a class=\"elementor-icon\" href=\"https:\/\/www.facebook.com\/EditoraLatinaGraphics\" target=\"_blank\">\n\t\t\t<i aria-hidden=\"true\" class=\"fab fa-facebook-square\"><\/i>\t\t\t<\/a>\n\t\t<\/div>\n\t\t\t\t\t\t<\/div>\n\t\t\t\t<\/div>\n\t\t\t\t<\/div>\n\t\t<div class=\"elementor-element elementor-element-14d88f1 e-con-full e-flex e-con e-child\" data-id=\"14d88f1\" data-element_type=\"container\">\n\t\t\t\t<div class=\"elementor-element elementor-element-df72a43 elementor-view-default elementor-widget elementor-widget-icon\" data-id=\"df72a43\" data-element_type=\"widget\" data-widget_type=\"icon.default\">\n\t\t\t\t<div class=\"elementor-widget-container\">\n\t\t\t\t\t\t\t<div class=\"elementor-icon-wrapper\">\n\t\t\t<a class=\"elementor-icon\" href=\"https:\/\/www.instagram.com\/latinagraphics_\/\" target=\"_blank\">\n\t\t\t<i aria-hidden=\"true\" class=\"fab fa-instagram\"><\/i>\t\t\t<\/a>\n\t\t<\/div>\n\t\t\t\t\t\t<\/div>\n\t\t\t\t<\/div>\n\t\t\t\t<\/div>\n\t\t\t\t<\/div>\n\t\t<div class=\"elementor-element elementor-element-2922240 e-con-full e-flex e-con e-child\" data-id=\"2922240\" data-element_type=\"container\">\n\t\t\t\t<div class=\"elementor-element elementor-element-5bf3379 elementor-widget elementor-widget-image\" data-id=\"5bf3379\" data-element_type=\"widget\" data-widget_type=\"image.default\">\n\t\t\t\t<div class=\"elementor-widget-container\">\n\t\t\t\t\t\t\t\t\t\t\t\t\t\t\t\t<a href=\"https:\/\/editoralatina.com\/home\/\">\n\t\t\t\t\t\t\t<img decoding=\"async\" src=\"https:\/\/i0.wp.com\/editoralatina.com\/home\/wp-content\/uploads\/2023\/05\/logo-footer.png?fit=120%2C120&#038;ssl=1\" title=\"logo footer\" alt=\"logo footer\" loading=\"lazy\" \/>\t\t\t\t\t\t\t\t<\/a>\n\t\t\t\t\t\t\t\t\t\t\t\t\t\t\t<\/div>\n\t\t\t\t<\/div>\n\t\t\t\t<\/div>\n\t\t\t\t\t<\/div>\n\t\t\t\t<\/div>\n\t\t\t\t<\/div>\n\t\t","protected":false},"excerpt":{"rendered":"<p>Home Servicios Sobre Nosotros Contacto Men\u00fa conmutador Humberger \u00bfHacemos equipo? Pregunta por nuestros diversos servicios para tu negocio en Per\u00fa. Comun\u00edcate con nuestros expertos en soluciones o ideas gr\u00e1ficas para obtener una cotizaci\u00f3n Por favor, activa JavaScript en tu navegador para completar este formulario.Por favor, activa JavaScript en tu navegador para completar este formulario.Nombre *Correo<a class=\"more-link\" href=\"https:\/\/editoralatina.com\/home\/index.php\/contacto\/\">Sigue leyendo <span class=\"screen-reader-text\">\u00abContacto\u00bb<\/span><\/a><\/p>\n","protected":false},"author":1,"featured_media":0,"parent":0,"menu_order":0,"comment_status":"closed","ping_status":"closed","template":"elementor_header_footer","meta":{"footnotes":""},"class_list":["post-21","page","type-page","status-publish","hentry","entry"],"yoast_head":"<!-- This site is optimized with the Yoast SEO plugin v24.4 - https:\/\/yoast.com\/wordpress\/plugins\/seo\/ -->\n<title>Contacto - Latina Graphics<\/title>\n<meta name=\"robots\" content=\"index, follow, max-snippet:-1, max-image-preview:large, max-video-preview:-1\" \/>\n<link rel=\"canonical\" href=\"https:\/\/editoralatina.com\/home\/index.php\/contacto\/\" \/>\n<meta property=\"og:locale\" content=\"es_ES\" \/>\n<meta property=\"og:type\" content=\"article\" \/>\n<meta property=\"og:title\" content=\"Contacto - Latina Graphics\" \/>\n<meta property=\"og:description\" content=\"Home Servicios Sobre Nosotros Contacto Men\u00fa conmutador Humberger \u00bfHacemos equipo? Pregunta por nuestros diversos servicios para tu negocio en Per\u00fa. Comun\u00edcate con nuestros expertos en soluciones o ideas gr\u00e1ficas para obtener una cotizaci\u00f3n Por favor, activa JavaScript en tu navegador para completar este formulario.Por favor, activa JavaScript en tu navegador para completar este formulario.Nombre *CorreoSigue leyendo &quot;Contacto&quot;\" \/>\n<meta property=\"og:url\" content=\"https:\/\/editoralatina.com\/home\/index.php\/contacto\/\" \/>\n<meta property=\"og:site_name\" content=\"Latina Graphics\" \/>\n<meta property=\"article:modified_time\" content=\"2024-07-09T23:55:26+00:00\" \/>\n<meta property=\"og:image\" content=\"https:\/\/editoralatina.com\/home\/wp-content\/uploads\/2023\/05\/logosvg.svg\" \/>\n<meta name=\"twitter:card\" content=\"summary_large_image\" \/>\n<meta name=\"twitter:label1\" content=\"Tiempo de lectura\" \/>\n\t<meta name=\"twitter:data1\" content=\"2 minutos\" \/>\n<script type=\"application\/ld+json\" class=\"yoast-schema-graph\">{\"@context\":\"https:\/\/schema.org\",\"@graph\":[{\"@type\":\"WebPage\",\"@id\":\"https:\/\/editoralatina.com\/home\/index.php\/contacto\/\",\"url\":\"https:\/\/editoralatina.com\/home\/index.php\/contacto\/\",\"name\":\"Contacto - Latina Graphics\",\"isPartOf\":{\"@id\":\"https:\/\/editoralatina.com\/home\/#website\"},\"primaryImageOfPage\":{\"@id\":\"https:\/\/editoralatina.com\/home\/index.php\/contacto\/#primaryimage\"},\"image\":{\"@id\":\"https:\/\/editoralatina.com\/home\/index.php\/contacto\/#primaryimage\"},\"thumbnailUrl\":\"https:\/\/editoralatina.com\/home\/wp-content\/uploads\/2023\/05\/logosvg.svg\",\"datePublished\":\"2023-03-15T10:33:07+00:00\",\"dateModified\":\"2024-07-09T23:55:26+00:00\",\"breadcrumb\":{\"@id\":\"https:\/\/editoralatina.com\/home\/index.php\/contacto\/#breadcrumb\"},\"inLanguage\":\"es\",\"potentialAction\":[{\"@type\":\"ReadAction\",\"target\":[\"https:\/\/editoralatina.com\/home\/index.php\/contacto\/\"]}]},{\"@type\":\"ImageObject\",\"inLanguage\":\"es\",\"@id\":\"https:\/\/editoralatina.com\/home\/index.php\/contacto\/#primaryimage\",\"url\":\"https:\/\/editoralatina.com\/home\/wp-content\/uploads\/2023\/05\/logosvg.svg\",\"contentUrl\":\"https:\/\/editoralatina.com\/home\/wp-content\/uploads\/2023\/05\/logosvg.svg\",\"width\":100,\"height\":100},{\"@type\":\"BreadcrumbList\",\"@id\":\"https:\/\/editoralatina.com\/home\/index.php\/contacto\/#breadcrumb\",\"itemListElement\":[{\"@type\":\"ListItem\",\"position\":1,\"name\":\"Portada\",\"item\":\"https:\/\/editoralatina.com\/home\/\"},{\"@type\":\"ListItem\",\"position\":2,\"name\":\"Contacto\"}]},{\"@type\":\"WebSite\",\"@id\":\"https:\/\/editoralatina.com\/home\/#website\",\"url\":\"https:\/\/editoralatina.com\/home\/\",\"name\":\"Latina Graphics\",\"description\":\"Hacemos realidad grandes ideas\",\"potentialAction\":[{\"@type\":\"SearchAction\",\"target\":{\"@type\":\"EntryPoint\",\"urlTemplate\":\"https:\/\/editoralatina.com\/home\/?s={search_term_string}\"},\"query-input\":{\"@type\":\"PropertyValueSpecification\",\"valueRequired\":true,\"valueName\":\"search_term_string\"}}],\"inLanguage\":\"es\"}]}<\/script>\n<!-- \/ Yoast SEO plugin. -->","yoast_head_json":{"title":"Contacto - Latina Graphics","robots":{"index":"index","follow":"follow","max-snippet":"max-snippet:-1","max-image-preview":"max-image-preview:large","max-video-preview":"max-video-preview:-1"},"canonical":"https:\/\/editoralatina.com\/home\/index.php\/contacto\/","og_locale":"es_ES","og_type":"article","og_title":"Contacto - Latina Graphics","og_description":"Home Servicios Sobre Nosotros Contacto Men\u00fa conmutador Humberger \u00bfHacemos equipo? Pregunta por nuestros diversos servicios para tu negocio en Per\u00fa. Comun\u00edcate con nuestros expertos en soluciones o ideas gr\u00e1ficas para obtener una cotizaci\u00f3n Por favor, activa JavaScript en tu navegador para completar este formulario.Por favor, activa JavaScript en tu navegador para completar este formulario.Nombre *CorreoSigue leyendo \"Contacto\"","og_url":"https:\/\/editoralatina.com\/home\/index.php\/contacto\/","og_site_name":"Latina Graphics","article_modified_time":"2024-07-09T23:55:26+00:00","og_image":[{"url":"https:\/\/editoralatina.com\/home\/wp-content\/uploads\/2023\/05\/logosvg.svg","type":"","width":"","height":""}],"twitter_card":"summary_large_image","twitter_misc":{"Tiempo de lectura":"2 minutos"},"schema":{"@context":"https:\/\/schema.org","@graph":[{"@type":"WebPage","@id":"https:\/\/editoralatina.com\/home\/index.php\/contacto\/","url":"https:\/\/editoralatina.com\/home\/index.php\/contacto\/","name":"Contacto - Latina Graphics","isPartOf":{"@id":"https:\/\/editoralatina.com\/home\/#website"},"primaryImageOfPage":{"@id":"https:\/\/editoralatina.com\/home\/index.php\/contacto\/#primaryimage"},"image":{"@id":"https:\/\/editoralatina.com\/home\/index.php\/contacto\/#primaryimage"},"thumbnailUrl":"https:\/\/editoralatina.com\/home\/wp-content\/uploads\/2023\/05\/logosvg.svg","datePublished":"2023-03-15T10:33:07+00:00","dateModified":"2024-07-09T23:55:26+00:00","breadcrumb":{"@id":"https:\/\/editoralatina.com\/home\/index.php\/contacto\/#breadcrumb"},"inLanguage":"es","potentialAction":[{"@type":"ReadAction","target":["https:\/\/editoralatina.com\/home\/index.php\/contacto\/"]}]},{"@type":"ImageObject","inLanguage":"es","@id":"https:\/\/editoralatina.com\/home\/index.php\/contacto\/#primaryimage","url":"https:\/\/editoralatina.com\/home\/wp-content\/uploads\/2023\/05\/logosvg.svg","contentUrl":"https:\/\/editoralatina.com\/home\/wp-content\/uploads\/2023\/05\/logosvg.svg","width":100,"height":100},{"@type":"BreadcrumbList","@id":"https:\/\/editoralatina.com\/home\/index.php\/contacto\/#breadcrumb","itemListElement":[{"@type":"ListItem","position":1,"name":"Portada","item":"https:\/\/editoralatina.com\/home\/"},{"@type":"ListItem","position":2,"name":"Contacto"}]},{"@type":"WebSite","@id":"https:\/\/editoralatina.com\/home\/#website","url":"https:\/\/editoralatina.com\/home\/","name":"Latina Graphics","description":"Hacemos realidad grandes ideas","potentialAction":[{"@type":"SearchAction","target":{"@type":"EntryPoint","urlTemplate":"https:\/\/editoralatina.com\/home\/?s={search_term_string}"},"query-input":{"@type":"PropertyValueSpecification","valueRequired":true,"valueName":"search_term_string"}}],"inLanguage":"es"}]}},"_links":{"self":[{"href":"https:\/\/editoralatina.com\/home\/index.php\/wp-json\/wp\/v2\/pages\/21","targetHints":{"allow":["GET"]}}],"collection":[{"href":"https:\/\/editoralatina.com\/home\/index.php\/wp-json\/wp\/v2\/pages"}],"about":[{"href":"https:\/\/editoralatina.com\/home\/index.php\/wp-json\/wp\/v2\/types\/page"}],"author":[{"embeddable":true,"href":"https:\/\/editoralatina.com\/home\/index.php\/wp-json\/wp\/v2\/users\/1"}],"replies":[{"embeddable":true,"href":"https:\/\/editoralatina.com\/home\/index.php\/wp-json\/wp\/v2\/comments?post=21"}],"version-history":[{"count":40,"href":"https:\/\/editoralatina.com\/home\/index.php\/wp-json\/wp\/v2\/pages\/21\/revisions"}],"predecessor-version":[{"id":454,"href":"https:\/\/editoralatina.com\/home\/index.php\/wp-json\/wp\/v2\/pages\/21\/revisions\/454"}],"wp:attachment":[{"href":"https:\/\/editoralatina.com\/home\/index.php\/wp-json\/wp\/v2\/media?parent=21"}],"curies":[{"name":"wp","href":"https:\/\/api.w.org\/{rel}","templated":true}]}}